{"id":4093,"date":"2026-04-27T20:25:22","date_gmt":"2026-04-27T18:25:22","guid":{"rendered":"https:\/\/www.goodwave.com\/hotelcastillo\/restaurant-a-olaberria-beasain-gipuzkoa\/"},"modified":"2026-04-29T16:47:21","modified_gmt":"2026-04-29T14:47:21","slug":"restaurant-a-olaberria-beasain","status":"publish","type":"page","link":"https:\/\/www.hotelcastillo.info\/fr\/restaurant-a-olaberria-beasain\/","title":{"rendered":"Restaurant \u00e0 Olaberria Beasain, Gipuzkoa"},"content":{"rendered":"\n<style type=\"text\/css\" data-created_by=\"avia_inline_auto\" id=\"style-css-av-54mho-11490f9e07e2068b432164ed7b537773\">\n#top .hr.hr-invisible.av-54mho-11490f9e07e2068b432164ed7b537773{\nheight:10px;\n}\n<\/style>\n<div  class='hr av-54mho-11490f9e07e2068b432164ed7b537773 hr-invisible  avia-builder-el-0  el_before_av_one_full  avia-builder-el-first '><span class='hr-inner '><span class=\"hr-inner-style\"><\/span><\/span><\/div>\n<div  class='flex_column av-2relw0-1512e7d40d9ce2b08f12eab0c2ae695a av_one_full  avia-builder-el-1  el_after_av_hr  el_before_av_hr  first flex_column_div  '     ><section  class='av_textblock_section av-mohiymh5-9adb44be833c074e677e92c8d1a63bb5 '   itemscope=\"itemscope\" itemtype=\"https:\/\/schema.org\/CreativeWork\" ><div class='avia_textblock'  itemprop=\"text\" ><h1>Restaurant \u00e0 Olaberria<\/h1>\n<\/div><\/section><br \/>\n<section  class='av_textblock_section av-mohji362-1da1883da3b359f0da53460cdace6d2e '   itemscope=\"itemscope\" itemtype=\"https:\/\/schema.org\/CreativeWork\" ><div class='avia_textblock mibreadcrumb'  itemprop=\"text\" ><p><a href=\"..\/\">Accueil<\/a><span style=\"color: #1b1b1b;\"> \/ <\/span>Restaurant<\/p>\n<\/div><\/section><\/p><\/div>\n\n<style type=\"text\/css\" data-created_by=\"avia_inline_auto\" id=\"style-css-av-mohkj5x3-e20f668a0e74e84545246382623a174b\">\n#top .hr.hr-invisible.av-mohkj5x3-e20f668a0e74e84545246382623a174b{\nheight:40px;\n}\n<\/style>\n<div  class='hr av-mohkj5x3-e20f668a0e74e84545246382623a174b hr-invisible  avia-builder-el-4  el_after_av_one_full  el_before_av_one_full '><span class='hr-inner '><span class=\"hr-inner-style\"><\/span><\/span><\/div>\n\n<style type=\"text\/css\" data-created_by=\"avia_inline_auto\" id=\"style-css-av-mohk2uua-f7e5d4c3037fdc9098591efe2f6a2542\">\n#top .flex_column.av-mohk2uua-f7e5d4c3037fdc9098591efe2f6a2542{\nmargin-top:0px;\nmargin-bottom:0px;\n}\n.flex_column.av-mohk2uua-f7e5d4c3037fdc9098591efe2f6a2542{\npadding:0 0 0 0;\n}\n.responsive #top #wrap_all .flex_column.av-mohk2uua-f7e5d4c3037fdc9098591efe2f6a2542{\nmargin-top:0px;\nmargin-bottom:0px;\n}\n<\/style>\n<div  class='flex_column av-mohk2uua-f7e5d4c3037fdc9098591efe2f6a2542 av_one_full  avia-builder-el-5  el_after_av_hr  el_before_av_one_third  first flex_column_div av-zero-column-padding  '     ><style type=\"text\/css\" data-created_by=\"avia_inline_auto\" id=\"style-css-av-mohj56xk-e138d54da0efae01eb98efa16c7bb7f6\">\n#top .av_textblock_section.av-mohj56xk-e138d54da0efae01eb98efa16c7bb7f6 .avia_textblock{\npadding:0 0 0 0;\n}\n<\/style>\n<section  class='av_textblock_section av-mohj56xk-e138d54da0efae01eb98efa16c7bb7f6 '   itemscope=\"itemscope\" itemtype=\"https:\/\/schema.org\/CreativeWork\" ><div class='avia_textblock restaurantetexto'  itemprop=\"text\" ><p>Le restaurant de l&rsquo;h\u00f4tel Castillo propose un menu du jour \u00e9labor\u00e9 avec des produits de saison, servi aussi bien \u00e0 midi que le soir en semaine.<\/p>\n<\/div><\/section><\/div>\n<div class='flex_column_table av-mohj9tit-c9479b53e479ad83f7764f45f522d38d sc-av_one_third av-equal-height-column-flextable'>\n<style type=\"text\/css\" data-created_by=\"avia_inline_auto\" id=\"style-css-av-mohj9tit-c9479b53e479ad83f7764f45f522d38d\">\n.flex_column.av-mohj9tit-c9479b53e479ad83f7764f45f522d38d{\nwidth:32%;\nmargin-left:0;\n}\n.avia_transform .flex_column.av-mohj9tit-c9479b53e479ad83f7764f45f522d38d{\nanimation-duration:3s;\n}\n#top .flex_column_table.av-equal-height-column-flextable.av-mohj9tit-c9479b53e479ad83f7764f45f522d38d .av-flex-placeholder{\nwidth:2%;\n}\n<\/style>\n<div  class='flex_column av-mohj9tit-c9479b53e479ad83f7764f45f522d38d av_one_third  avia-builder-el-7  el_after_av_one_full  el_before_av_one_third  first flex_column_table_cell av-equal-height-column av-align-top av-animated-generic left-to-right  column-top-margin'     ><style type=\"text\/css\" data-created_by=\"avia_inline_auto\" id=\"style-css-av-mohj8kfc-e793450b1400aa01fe98c5519894e4a1\">\n.avia-image-container.av-mohj8kfc-e793450b1400aa01fe98c5519894e4a1 img.avia_image{\nbox-shadow:none;\n}\n.avia-image-container.av-mohj8kfc-e793450b1400aa01fe98c5519894e4a1 .av-image-caption-overlay-center{\ncolor:#ffffff;\n}\n<\/style>\n<div  class='avia-image-container av-mohj8kfc-e793450b1400aa01fe98c5519894e4a1 av-styling- av-img-linked avia-align-center  avia-builder-el-8  avia-builder-el-no-sibling '   itemprop=\"image\" itemscope=\"itemscope\" itemtype=\"https:\/\/schema.org\/ImageObject\" ><div class=\"avia-image-container-inner\"><div class=\"avia-image-overlay-wrap\"><a href=\"https:\/\/www.hotelcastillo.info\/wp-content\/uploads\/2026\/04\/gallery_restaurante01_1256x837-1030x686.jpg\" data-srcset=\"https:\/\/www.hotelcastillo.info\/wp-content\/uploads\/2026\/04\/gallery_restaurante01_1256x837-1030x686.jpg 1030w, https:\/\/www.hotelcastillo.info\/wp-content\/uploads\/2026\/04\/gallery_restaurante01_1256x837-300x200.jpg 300w, https:\/\/www.hotelcastillo.info\/wp-content\/uploads\/2026\/04\/gallery_restaurante01_1256x837-768x512.jpg 768w, https:\/\/www.hotelcastillo.info\/wp-content\/uploads\/2026\/04\/gallery_restaurante01_1256x837-705x470.jpg 705w, https:\/\/www.hotelcastillo.info\/wp-content\/uploads\/2026\/04\/gallery_restaurante01_1256x837.jpg 1256w\" data-sizes=\"(max-width: 1030px) 100vw, 1030px\" class='avia_image '  aria-label='Restaurant \u00e0 Olaberr\u00eda Beasain'><img decoding=\"async\" fetchpriority=\"high\" class='wp-image-4090 avia-img-lazy-loading-not-4090 avia_image ' src=\"https:\/\/www.hotelcastillo.info\/wp-content\/uploads\/2026\/04\/gallery_restaurante01_1256x837.jpg\" alt='Restaurant \u00e0 Olaberr\u00eda Beasain' title='Restaurant \u00e0 Olaberr\u00eda Beasain'  height=\"837\" width=\"1256\"  itemprop=\"thumbnailUrl\" srcset=\"https:\/\/www.hotelcastillo.info\/wp-content\/uploads\/2026\/04\/gallery_restaurante01_1256x837.jpg 1256w, https:\/\/www.hotelcastillo.info\/wp-content\/uploads\/2026\/04\/gallery_restaurante01_1256x837-300x200.jpg 300w, https:\/\/www.hotelcastillo.info\/wp-content\/uploads\/2026\/04\/gallery_restaurante01_1256x837-1030x686.jpg 1030w, https:\/\/www.hotelcastillo.info\/wp-content\/uploads\/2026\/04\/gallery_restaurante01_1256x837-768x512.jpg 768w, https:\/\/www.hotelcastillo.info\/wp-content\/uploads\/2026\/04\/gallery_restaurante01_1256x837-705x470.jpg 705w\" sizes=\"(max-width: 1256px) 100vw, 1256px\" \/><\/a><\/div><\/div><\/div><\/div>\n<div class='av-flex-placeholder'><\/div>\n<style type=\"text\/css\" data-created_by=\"avia_inline_auto\" id=\"style-css-av-4h647d-3dbff268be1ee37f737ec3dbd7504969\">\n.flex_column.av-4h647d-3dbff268be1ee37f737ec3dbd7504969{\nwidth:32%;\nmargin-left:0;\n}\n.avia_transform .flex_column.av-4h647d-3dbff268be1ee37f737ec3dbd7504969{\nanimation-duration:2s;\n}\n#top .flex_column_table.av-equal-height-column-flextable.av-4h647d-3dbff268be1ee37f737ec3dbd7504969 .av-flex-placeholder{\nwidth:2%;\n}\n<\/style>\n<div  class='flex_column av-4h647d-3dbff268be1ee37f737ec3dbd7504969 av_one_third  avia-builder-el-9  el_after_av_one_third  el_before_av_one_third  flex_column_table_cell av-equal-height-column av-align-top av-animated-generic bottom-to-top  column-top-margin'     ><style type=\"text\/css\" data-created_by=\"avia_inline_auto\" id=\"style-css-av-mohj8q3k-119b18cfca4f387e4a82c1f3b4b71018\">\n.avia-image-container.av-mohj8q3k-119b18cfca4f387e4a82c1f3b4b71018 img.avia_image{\nbox-shadow:none;\n}\n.avia-image-container.av-mohj8q3k-119b18cfca4f387e4a82c1f3b4b71018 .av-image-caption-overlay-center{\ncolor:#ffffff;\n}\n<\/style>\n<div  class='avia-image-container av-mohj8q3k-119b18cfca4f387e4a82c1f3b4b71018 av-styling- av-img-linked avia-align-center  avia-builder-el-10  avia-builder-el-no-sibling '   itemprop=\"image\" itemscope=\"itemscope\" itemtype=\"https:\/\/schema.org\/ImageObject\" ><div class=\"avia-image-container-inner\"><div class=\"avia-image-overlay-wrap\"><a href=\"https:\/\/www.hotelcastillo.info\/wp-content\/uploads\/2026\/04\/gallery_restaurante02_1256x837-1030x686.jpg\" data-srcset=\"https:\/\/www.hotelcastillo.info\/wp-content\/uploads\/2026\/04\/gallery_restaurante02_1256x837-1030x686.jpg 1030w, https:\/\/www.hotelcastillo.info\/wp-content\/uploads\/2026\/04\/gallery_restaurante02_1256x837-300x200.jpg 300w, https:\/\/www.hotelcastillo.info\/wp-content\/uploads\/2026\/04\/gallery_restaurante02_1256x837-768x512.jpg 768w, https:\/\/www.hotelcastillo.info\/wp-content\/uploads\/2026\/04\/gallery_restaurante02_1256x837-705x470.jpg 705w, https:\/\/www.hotelcastillo.info\/wp-content\/uploads\/2026\/04\/gallery_restaurante02_1256x837.jpg 1256w\" data-sizes=\"(max-width: 1030px) 100vw, 1030px\" class='avia_image '  aria-label='Piano au restaurant d&#039;Olaberr\u00eda Beasain'><img decoding=\"async\" fetchpriority=\"high\" class='wp-image-4091 avia-img-lazy-loading-not-4091 avia_image ' src=\"https:\/\/www.hotelcastillo.info\/wp-content\/uploads\/2026\/04\/gallery_restaurante02_1256x837.jpg\" alt='Piano au restaurant d&#039;Olaberr\u00eda Beasain' title='Piano au restaurant d&#039;Olaberr\u00eda Beasain'  height=\"837\" width=\"1256\"  itemprop=\"thumbnailUrl\" srcset=\"https:\/\/www.hotelcastillo.info\/wp-content\/uploads\/2026\/04\/gallery_restaurante02_1256x837.jpg 1256w, https:\/\/www.hotelcastillo.info\/wp-content\/uploads\/2026\/04\/gallery_restaurante02_1256x837-300x200.jpg 300w, https:\/\/www.hotelcastillo.info\/wp-content\/uploads\/2026\/04\/gallery_restaurante02_1256x837-1030x686.jpg 1030w, https:\/\/www.hotelcastillo.info\/wp-content\/uploads\/2026\/04\/gallery_restaurante02_1256x837-768x512.jpg 768w, https:\/\/www.hotelcastillo.info\/wp-content\/uploads\/2026\/04\/gallery_restaurante02_1256x837-705x470.jpg 705w\" sizes=\"(max-width: 1256px) 100vw, 1256px\" \/><\/a><\/div><\/div><\/div><\/div>\n<div class='av-flex-placeholder'><\/div>\n<style type=\"text\/css\" data-created_by=\"avia_inline_auto\" id=\"style-css-av-21pyvd-47dd10dd1cf6421eefedf8504d7818a1\">\n.flex_column.av-21pyvd-47dd10dd1cf6421eefedf8504d7818a1{\nwidth:32%;\nmargin-left:0;\n}\n.avia_transform .flex_column.av-21pyvd-47dd10dd1cf6421eefedf8504d7818a1{\nanimation-duration:3s;\n}\n#top .flex_column_table.av-equal-height-column-flextable.av-21pyvd-47dd10dd1cf6421eefedf8504d7818a1 .av-flex-placeholder{\nwidth:2%;\n}\n<\/style>\n<div  class='flex_column av-21pyvd-47dd10dd1cf6421eefedf8504d7818a1 av_one_third  avia-builder-el-11  el_after_av_one_third  el_before_av_hr  flex_column_table_cell av-equal-height-column av-align-top av-animated-generic right-to-left  column-top-margin'     ><style type=\"text\/css\" data-created_by=\"avia_inline_auto\" id=\"style-css-av-mohj8w6j-a9185f58ff89af5c9591af7881571e41\">\n.avia-image-container.av-mohj8w6j-a9185f58ff89af5c9591af7881571e41 img.avia_image{\nbox-shadow:none;\n}\n.avia-image-container.av-mohj8w6j-a9185f58ff89af5c9591af7881571e41 .av-image-caption-overlay-center{\ncolor:#ffffff;\n}\n<\/style>\n<div  class='avia-image-container av-mohj8w6j-a9185f58ff89af5c9591af7881571e41 av-styling- av-img-linked avia-align-center  avia-builder-el-12  avia-builder-el-no-sibling '   itemprop=\"image\" itemscope=\"itemscope\" itemtype=\"https:\/\/schema.org\/ImageObject\" ><div class=\"avia-image-container-inner\"><div class=\"avia-image-overlay-wrap\"><a href=\"https:\/\/www.hotelcastillo.info\/wp-content\/uploads\/2026\/04\/gallery_restaurante03_1256x837-1030x686.jpg\" data-srcset=\"https:\/\/www.hotelcastillo.info\/wp-content\/uploads\/2026\/04\/gallery_restaurante03_1256x837-1030x686.jpg 1030w, https:\/\/www.hotelcastillo.info\/wp-content\/uploads\/2026\/04\/gallery_restaurante03_1256x837-300x200.jpg 300w, https:\/\/www.hotelcastillo.info\/wp-content\/uploads\/2026\/04\/gallery_restaurante03_1256x837-768x512.jpg 768w, https:\/\/www.hotelcastillo.info\/wp-content\/uploads\/2026\/04\/gallery_restaurante03_1256x837-705x470.jpg 705w, https:\/\/www.hotelcastillo.info\/wp-content\/uploads\/2026\/04\/gallery_restaurante03_1256x837.jpg 1256w\" data-sizes=\"(max-width: 1030px) 100vw, 1030px\" class='avia_image '  aria-label='Restaurant \u00e0 Olaberr\u00eda Beasain'><img decoding=\"async\" fetchpriority=\"high\" class='wp-image-4092 avia-img-lazy-loading-not-4092 avia_image ' src=\"https:\/\/www.hotelcastillo.info\/wp-content\/uploads\/2026\/04\/gallery_restaurante03_1256x837.jpg\" alt='Restaurant \u00e0 Olaberr\u00eda Beasain' title='Restaurant \u00e0 Olaberr\u00eda Beasain'  height=\"837\" width=\"1256\"  itemprop=\"thumbnailUrl\" srcset=\"https:\/\/www.hotelcastillo.info\/wp-content\/uploads\/2026\/04\/gallery_restaurante03_1256x837.jpg 1256w, https:\/\/www.hotelcastillo.info\/wp-content\/uploads\/2026\/04\/gallery_restaurante03_1256x837-300x200.jpg 300w, https:\/\/www.hotelcastillo.info\/wp-content\/uploads\/2026\/04\/gallery_restaurante03_1256x837-1030x686.jpg 1030w, https:\/\/www.hotelcastillo.info\/wp-content\/uploads\/2026\/04\/gallery_restaurante03_1256x837-768x512.jpg 768w, https:\/\/www.hotelcastillo.info\/wp-content\/uploads\/2026\/04\/gallery_restaurante03_1256x837-705x470.jpg 705w\" sizes=\"(max-width: 1256px) 100vw, 1256px\" \/><\/a><\/div><\/div><\/div><\/div><\/div><!--close column table wrapper. Autoclose: 1 -->\n\n<style type=\"text\/css\" data-created_by=\"avia_inline_auto\" id=\"style-css-av-mohk7nk8-1bfa20850826d4cb2d55c4d58b3734da\">\n#top .hr.hr-invisible.av-mohk7nk8-1bfa20850826d4cb2d55c4d58b3734da{\nheight:80px;\n}\n<\/style>\n<div  class='hr av-mohk7nk8-1bfa20850826d4cb2d55c4d58b3734da hr-invisible  avia-builder-el-13  el_after_av_one_third  avia-builder-el-last '><span class='hr-inner '><span class=\"hr-inner-style\"><\/span><\/span><\/div>\n","protected":false},"excerpt":{"rendered":"","protected":false},"author":1,"featured_media":0,"parent":0,"menu_order":0,"comment_status":"closed","ping_status":"open","template":"","meta":{"footnotes":""},"class_list":["post-4093","page","type-page","status-publish","hentry"],"_links":{"self":[{"href":"https:\/\/www.hotelcastillo.info\/fr\/wp-json\/wp\/v2\/pages\/4093","targetHints":{"allow":["GET"]}}],"collection":[{"href":"https:\/\/www.hotelcastillo.info\/fr\/wp-json\/wp\/v2\/pages"}],"about":[{"href":"https:\/\/www.hotelcastillo.info\/fr\/wp-json\/wp\/v2\/types\/page"}],"author":[{"embeddable":true,"href":"https:\/\/www.hotelcastillo.info\/fr\/wp-json\/wp\/v2\/users\/1"}],"replies":[{"embeddable":true,"href":"https:\/\/www.hotelcastillo.info\/fr\/wp-json\/wp\/v2\/comments?post=4093"}],"version-history":[{"count":3,"href":"https:\/\/www.hotelcastillo.info\/fr\/wp-json\/wp\/v2\/pages\/4093\/revisions"}],"predecessor-version":[{"id":4103,"href":"https:\/\/www.hotelcastillo.info\/fr\/wp-json\/wp\/v2\/pages\/4093\/revisions\/4103"}],"wp:attachment":[{"href":"https:\/\/www.hotelcastillo.info\/fr\/wp-json\/wp\/v2\/media?parent=4093"}],"curies":[{"name":"wp","href":"https:\/\/api.w.org\/{rel}","templated":true}]}}