{"id":4081,"date":"2026-04-27T21:11:18","date_gmt":"2026-04-27T19:11:18","guid":{"rendered":"https:\/\/www.goodwave.com\/hotelcastillo\/chambres-dhotel-a-olaberria-beasain-gipuzkoa\/"},"modified":"2026-04-29T16:59:54","modified_gmt":"2026-04-29T14:59:54","slug":"hotel-a-olaberria-beasain","status":"publish","type":"page","link":"https:\/\/www.hotelcastillo.info\/fr\/hotel-a-olaberria-beasain\/","title":{"rendered":"Chambres d&rsquo;h\u00f4tel \u00e0 Olaberria Beasain, Gipuzkoa"},"content":{"rendered":"\n<style type=\"text\/css\" data-created_by=\"avia_inline_auto\" id=\"style-css-av-54mho-11490f9e07e2068b432164ed7b537773\">\n#top .hr.hr-invisible.av-54mho-11490f9e07e2068b432164ed7b537773{\nheight:10px;\n}\n<\/style>\n<div  class='hr av-54mho-11490f9e07e2068b432164ed7b537773 hr-invisible  avia-builder-el-0  el_before_av_one_full  avia-builder-el-first '><span class='hr-inner '><span class=\"hr-inner-style\"><\/span><\/span><\/div>\n<div  class='flex_column av-2relw0-1512e7d40d9ce2b08f12eab0c2ae695a av_one_full  avia-builder-el-1  el_after_av_hr  el_before_av_hr  first flex_column_div  '     ><section  class='av_textblock_section av-mohiymh5-9adb44be833c074e677e92c8d1a63bb5 '   itemscope=\"itemscope\" itemtype=\"https:\/\/schema.org\/CreativeWork\" ><div class='avia_textblock'  itemprop=\"text\" ><h1>Chambres<\/h1>\n<\/div><\/section><br \/>\n<section  class='av_textblock_section av-mohji362-1da1883da3b359f0da53460cdace6d2e '   itemscope=\"itemscope\" itemtype=\"https:\/\/schema.org\/CreativeWork\" ><div class='avia_textblock mibreadcrumb'  itemprop=\"text\" ><p><a href=\"..\/\">Accueil<\/a><span style=\"color: #1b1b1b;\"> \/ <\/span>Chambres<\/p>\n<\/div><\/section><\/p><\/div>\n\n<style type=\"text\/css\" data-created_by=\"avia_inline_auto\" id=\"style-css-av-mohkj5x3-e20f668a0e74e84545246382623a174b\">\n#top .hr.hr-invisible.av-mohkj5x3-e20f668a0e74e84545246382623a174b{\nheight:40px;\n}\n<\/style>\n<div  class='hr av-mohkj5x3-e20f668a0e74e84545246382623a174b hr-invisible  avia-builder-el-4  el_after_av_one_full  el_before_av_one_full '><span class='hr-inner '><span class=\"hr-inner-style\"><\/span><\/span><\/div>\n\n<style type=\"text\/css\" data-created_by=\"avia_inline_auto\" id=\"style-css-av-mohk2uua-f7e5d4c3037fdc9098591efe2f6a2542\">\n#top .flex_column.av-mohk2uua-f7e5d4c3037fdc9098591efe2f6a2542{\nmargin-top:0px;\nmargin-bottom:0px;\n}\n.flex_column.av-mohk2uua-f7e5d4c3037fdc9098591efe2f6a2542{\npadding:0 0 0 0;\n}\n.responsive #top #wrap_all .flex_column.av-mohk2uua-f7e5d4c3037fdc9098591efe2f6a2542{\nmargin-top:0px;\nmargin-bottom:0px;\n}\n<\/style>\n<div  class='flex_column av-mohk2uua-f7e5d4c3037fdc9098591efe2f6a2542 av_one_full  avia-builder-el-5  el_after_av_hr  el_before_av_one_third  first flex_column_div av-zero-column-padding  '     ><style type=\"text\/css\" data-created_by=\"avia_inline_auto\" id=\"style-css-av-mohj56xk-e138d54da0efae01eb98efa16c7bb7f6\">\n#top .av_textblock_section.av-mohj56xk-e138d54da0efae01eb98efa16c7bb7f6 .avia_textblock{\npadding:0 0 0 0;\n}\n<\/style>\n<section  class='av_textblock_section av-mohj56xk-e138d54da0efae01eb98efa16c7bb7f6 '   itemscope=\"itemscope\" itemtype=\"https:\/\/schema.org\/CreativeWork\" ><div class='avia_textblock restaurantetexto'  itemprop=\"text\" ><p>L&rsquo;H\u00f4tel Castillo propose une s\u00e9lection de chambres modernes dans un cadre exclusif, con\u00e7ues pour le confort de nos clients et adapt\u00e9es aux voyageurs d&rsquo;affaires comme \u00e0 ceux qui souhaitent explorer la nature environnante.<\/p>\n<p>\u00c9quipements des chambres : salle de bain compl\u00e8te, t\u00e9l\u00e9vision \u00e0 \u00e9cran plat, Wi-Fi, climatisation, chauffage, bureau, s\u00e8che-cheveux, t\u00e9l\u00e9phone et service de r\u00e9veil.<\/p>\n<\/div><\/section><\/div>\n<div class='flex_column_table av-mohj9tit-c9479b53e479ad83f7764f45f522d38d sc-av_one_third av-equal-height-column-flextable'>\n<style type=\"text\/css\" data-created_by=\"avia_inline_auto\" id=\"style-css-av-mohj9tit-c9479b53e479ad83f7764f45f522d38d\">\n.flex_column.av-mohj9tit-c9479b53e479ad83f7764f45f522d38d{\nwidth:32%;\nmargin-left:0;\n}\n.avia_transform .flex_column.av-mohj9tit-c9479b53e479ad83f7764f45f522d38d{\nanimation-duration:3s;\n}\n#top .flex_column_table.av-equal-height-column-flextable.av-mohj9tit-c9479b53e479ad83f7764f45f522d38d .av-flex-placeholder{\nwidth:2%;\n}\n<\/style>\n<div  class='flex_column av-mohj9tit-c9479b53e479ad83f7764f45f522d38d av_one_third  avia-builder-el-7  el_after_av_one_full  el_before_av_one_third  first flex_column_table_cell av-equal-height-column av-align-top av-animated-generic left-to-right  column-top-margin'     ><style type=\"text\/css\" data-created_by=\"avia_inline_auto\" id=\"style-css-av-mohj8kfc-4e586eba3b46351d551914409d726714\">\n.avia-image-container.av-mohj8kfc-4e586eba3b46351d551914409d726714 img.avia_image{\nbox-shadow:none;\n}\n.avia-image-container.av-mohj8kfc-4e586eba3b46351d551914409d726714 .av-image-caption-overlay-center{\ncolor:#ffffff;\n}\n<\/style>\n<div  class='avia-image-container av-mohj8kfc-4e586eba3b46351d551914409d726714 av-styling- av-img-linked avia-align-center  avia-builder-el-8  avia-builder-el-no-sibling '   itemprop=\"image\" itemscope=\"itemscope\" itemtype=\"https:\/\/schema.org\/ImageObject\" ><div class=\"avia-image-container-inner\"><div class=\"avia-image-overlay-wrap\"><a href=\"https:\/\/www.hotelcastillo.info\/wp-content\/uploads\/2026\/04\/gallery_habitaciones01_1256x837-1030x686.jpg\" data-srcset=\"https:\/\/www.hotelcastillo.info\/wp-content\/uploads\/2026\/04\/gallery_habitaciones01_1256x837-1030x686.jpg 1030w, https:\/\/www.hotelcastillo.info\/wp-content\/uploads\/2026\/04\/gallery_habitaciones01_1256x837-300x200.jpg 300w, https:\/\/www.hotelcastillo.info\/wp-content\/uploads\/2026\/04\/gallery_habitaciones01_1256x837-768x512.jpg 768w, https:\/\/www.hotelcastillo.info\/wp-content\/uploads\/2026\/04\/gallery_habitaciones01_1256x837-705x470.jpg 705w, https:\/\/www.hotelcastillo.info\/wp-content\/uploads\/2026\/04\/gallery_habitaciones01_1256x837.jpg 1256w\" data-sizes=\"(max-width: 1030px) 100vw, 1030px\" class='avia_image '  aria-label='Chambre d&#039;h\u00f4tel avec plafond mansard\u00e9 \u00e0 Olaberria'><img decoding=\"async\" fetchpriority=\"high\" class='wp-image-4074 avia-img-lazy-loading-not-4074 avia_image ' src=\"https:\/\/www.hotelcastillo.info\/wp-content\/uploads\/2026\/04\/gallery_habitaciones01_1256x837.jpg\" alt='Chambre d&#039;h\u00f4tel avec plafond mansard\u00e9 \u00e0 Olaberria' title='Chambre d&#039;h\u00f4tel avec plafond mansard\u00e9 \u00e0 Olaberria'  height=\"837\" width=\"1256\"  itemprop=\"thumbnailUrl\" srcset=\"https:\/\/www.hotelcastillo.info\/wp-content\/uploads\/2026\/04\/gallery_habitaciones01_1256x837.jpg 1256w, https:\/\/www.hotelcastillo.info\/wp-content\/uploads\/2026\/04\/gallery_habitaciones01_1256x837-300x200.jpg 300w, https:\/\/www.hotelcastillo.info\/wp-content\/uploads\/2026\/04\/gallery_habitaciones01_1256x837-1030x686.jpg 1030w, https:\/\/www.hotelcastillo.info\/wp-content\/uploads\/2026\/04\/gallery_habitaciones01_1256x837-768x512.jpg 768w, https:\/\/www.hotelcastillo.info\/wp-content\/uploads\/2026\/04\/gallery_habitaciones01_1256x837-705x470.jpg 705w\" sizes=\"(max-width: 1256px) 100vw, 1256px\" \/><\/a><\/div><\/div><\/div><\/div>\n<div class='av-flex-placeholder'><\/div>\n<style type=\"text\/css\" data-created_by=\"avia_inline_auto\" id=\"style-css-av-4h647d-6c6c7a25ac0ede5a9530bb527ae8d535\">\n.flex_column.av-4h647d-6c6c7a25ac0ede5a9530bb527ae8d535{\nwidth:32%;\nmargin-left:0;\n}\n.avia_transform .flex_column.av-4h647d-6c6c7a25ac0ede5a9530bb527ae8d535{\nanimation-duration:3s;\n}\n#top .flex_column_table.av-equal-height-column-flextable.av-4h647d-6c6c7a25ac0ede5a9530bb527ae8d535 .av-flex-placeholder{\nwidth:2%;\n}\n<\/style>\n<div  class='flex_column av-4h647d-6c6c7a25ac0ede5a9530bb527ae8d535 av_one_third  avia-builder-el-9  el_after_av_one_third  el_before_av_one_third  flex_column_table_cell av-equal-height-column av-align-top av-animated-generic bottom-to-top  column-top-margin'     ><style type=\"text\/css\" data-created_by=\"avia_inline_auto\" id=\"style-css-av-mohj8q3k-464f56c07e8a5f460e5899148c061db4\">\n.avia-image-container.av-mohj8q3k-464f56c07e8a5f460e5899148c061db4 img.avia_image{\nbox-shadow:none;\n}\n.avia-image-container.av-mohj8q3k-464f56c07e8a5f460e5899148c061db4 .av-image-caption-overlay-center{\ncolor:#ffffff;\n}\n<\/style>\n<div  class='avia-image-container av-mohj8q3k-464f56c07e8a5f460e5899148c061db4 av-styling- av-img-linked avia-align-center  avia-builder-el-10  avia-builder-el-no-sibling '   itemprop=\"image\" itemscope=\"itemscope\" itemtype=\"https:\/\/schema.org\/ImageObject\" ><div class=\"avia-image-container-inner\"><div class=\"avia-image-overlay-wrap\"><a href=\"https:\/\/www.hotelcastillo.info\/wp-content\/uploads\/2026\/04\/gallery_habitaciones02_1256x837-1030x686.jpg\" data-srcset=\"https:\/\/www.hotelcastillo.info\/wp-content\/uploads\/2026\/04\/gallery_habitaciones02_1256x837-1030x686.jpg 1030w, https:\/\/www.hotelcastillo.info\/wp-content\/uploads\/2026\/04\/gallery_habitaciones02_1256x837-300x200.jpg 300w, https:\/\/www.hotelcastillo.info\/wp-content\/uploads\/2026\/04\/gallery_habitaciones02_1256x837-768x512.jpg 768w, https:\/\/www.hotelcastillo.info\/wp-content\/uploads\/2026\/04\/gallery_habitaciones02_1256x837-705x470.jpg 705w, https:\/\/www.hotelcastillo.info\/wp-content\/uploads\/2026\/04\/gallery_habitaciones02_1256x837.jpg 1256w\" data-sizes=\"(max-width: 1030px) 100vw, 1030px\" class='avia_image '  aria-label='Chambre d&#039;h\u00f4tel avec salle de bains privative \u00e0 Olaberria'><img decoding=\"async\" fetchpriority=\"high\" class='wp-image-4075 avia-img-lazy-loading-not-4075 avia_image ' src=\"https:\/\/www.hotelcastillo.info\/wp-content\/uploads\/2026\/04\/gallery_habitaciones02_1256x837.jpg\" alt='Chambre d&#039;h\u00f4tel avec salle de bains privative \u00e0 Olaberria' title='Chambre d&#039;h\u00f4tel avec salle de bains privative \u00e0 Olaberria'  height=\"837\" width=\"1256\"  itemprop=\"thumbnailUrl\" srcset=\"https:\/\/www.hotelcastillo.info\/wp-content\/uploads\/2026\/04\/gallery_habitaciones02_1256x837.jpg 1256w, https:\/\/www.hotelcastillo.info\/wp-content\/uploads\/2026\/04\/gallery_habitaciones02_1256x837-300x200.jpg 300w, https:\/\/www.hotelcastillo.info\/wp-content\/uploads\/2026\/04\/gallery_habitaciones02_1256x837-1030x686.jpg 1030w, https:\/\/www.hotelcastillo.info\/wp-content\/uploads\/2026\/04\/gallery_habitaciones02_1256x837-768x512.jpg 768w, https:\/\/www.hotelcastillo.info\/wp-content\/uploads\/2026\/04\/gallery_habitaciones02_1256x837-705x470.jpg 705w\" sizes=\"(max-width: 1256px) 100vw, 1256px\" \/><\/a><\/div><\/div><\/div><\/div>\n<div class='av-flex-placeholder'><\/div>\n<style type=\"text\/css\" data-created_by=\"avia_inline_auto\" id=\"style-css-av-21pyvd-47dd10dd1cf6421eefedf8504d7818a1\">\n.flex_column.av-21pyvd-47dd10dd1cf6421eefedf8504d7818a1{\nwidth:32%;\nmargin-left:0;\n}\n.avia_transform .flex_column.av-21pyvd-47dd10dd1cf6421eefedf8504d7818a1{\nanimation-duration:3s;\n}\n#top .flex_column_table.av-equal-height-column-flextable.av-21pyvd-47dd10dd1cf6421eefedf8504d7818a1 .av-flex-placeholder{\nwidth:2%;\n}\n<\/style>\n<div  class='flex_column av-21pyvd-47dd10dd1cf6421eefedf8504d7818a1 av_one_third  avia-builder-el-11  el_after_av_one_third  el_before_av_hr  flex_column_table_cell av-equal-height-column av-align-top av-animated-generic right-to-left  column-top-margin'     ><style type=\"text\/css\" data-created_by=\"avia_inline_auto\" id=\"style-css-av-mohj8w6j-73e0cb66fd33e624250eef3278eaa044\">\n.avia-image-container.av-mohj8w6j-73e0cb66fd33e624250eef3278eaa044 img.avia_image{\nbox-shadow:none;\n}\n.avia-image-container.av-mohj8w6j-73e0cb66fd33e624250eef3278eaa044 .av-image-caption-overlay-center{\ncolor:#ffffff;\n}\n<\/style>\n<div  class='avia-image-container av-mohj8w6j-73e0cb66fd33e624250eef3278eaa044 av-styling- av-img-linked avia-align-center  avia-builder-el-12  avia-builder-el-no-sibling '   itemprop=\"image\" itemscope=\"itemscope\" itemtype=\"https:\/\/schema.org\/ImageObject\" ><div class=\"avia-image-container-inner\"><div class=\"avia-image-overlay-wrap\"><a href=\"https:\/\/www.hotelcastillo.info\/wp-content\/uploads\/2026\/04\/gallery_habitaciones03_1256x837-1030x686.jpg\" data-srcset=\"https:\/\/www.hotelcastillo.info\/wp-content\/uploads\/2026\/04\/gallery_habitaciones03_1256x837-1030x686.jpg 1030w, https:\/\/www.hotelcastillo.info\/wp-content\/uploads\/2026\/04\/gallery_habitaciones03_1256x837-300x200.jpg 300w, https:\/\/www.hotelcastillo.info\/wp-content\/uploads\/2026\/04\/gallery_habitaciones03_1256x837-768x512.jpg 768w, https:\/\/www.hotelcastillo.info\/wp-content\/uploads\/2026\/04\/gallery_habitaciones03_1256x837-705x470.jpg 705w, https:\/\/www.hotelcastillo.info\/wp-content\/uploads\/2026\/04\/gallery_habitaciones03_1256x837.jpg 1256w\" data-sizes=\"(max-width: 1030px) 100vw, 1030px\" class='avia_image '  aria-label='Chambre d&#039;h\u00f4tel double \u00e0 Olaberria'><img decoding=\"async\" fetchpriority=\"high\" class='wp-image-4076 avia-img-lazy-loading-not-4076 avia_image ' src=\"https:\/\/www.hotelcastillo.info\/wp-content\/uploads\/2026\/04\/gallery_habitaciones03_1256x837.jpg\" alt='Chambre d&#039;h\u00f4tel double \u00e0 Olaberria' title='Chambre d&#039;h\u00f4tel double \u00e0 Olaberria'  height=\"837\" width=\"1256\"  itemprop=\"thumbnailUrl\" srcset=\"https:\/\/www.hotelcastillo.info\/wp-content\/uploads\/2026\/04\/gallery_habitaciones03_1256x837.jpg 1256w, https:\/\/www.hotelcastillo.info\/wp-content\/uploads\/2026\/04\/gallery_habitaciones03_1256x837-300x200.jpg 300w, https:\/\/www.hotelcastillo.info\/wp-content\/uploads\/2026\/04\/gallery_habitaciones03_1256x837-1030x686.jpg 1030w, https:\/\/www.hotelcastillo.info\/wp-content\/uploads\/2026\/04\/gallery_habitaciones03_1256x837-768x512.jpg 768w, https:\/\/www.hotelcastillo.info\/wp-content\/uploads\/2026\/04\/gallery_habitaciones03_1256x837-705x470.jpg 705w\" sizes=\"(max-width: 1256px) 100vw, 1256px\" \/><\/a><\/div><\/div><\/div><\/div><\/div><!--close column table wrapper. Autoclose: 1 -->\n\n<style type=\"text\/css\" data-created_by=\"avia_inline_auto\" id=\"style-css-av-mohk7nk8-1bfa20850826d4cb2d55c4d58b3734da\">\n#top .hr.hr-invisible.av-mohk7nk8-1bfa20850826d4cb2d55c4d58b3734da{\nheight:80px;\n}\n<\/style>\n<div  class='hr av-mohk7nk8-1bfa20850826d4cb2d55c4d58b3734da hr-invisible  avia-builder-el-13  el_after_av_one_third  el_before_av_one_full '><span class='hr-inner '><span class=\"hr-inner-style\"><\/span><\/span><\/div>\n<div  class='flex_column av-mohlw097-fd72f2a524e126622e40f19bc96e9e04 av_one_full  avia-builder-el-14  el_after_av_hr  el_before_av_one_fourth  first flex_column_div  '     ><section  class='av_textblock_section av-mohkv7b6-abf5b605b6a92813eb1898df84ca977d '   itemscope=\"itemscope\" itemtype=\"https:\/\/schema.org\/CreativeWork\" ><div class='avia_textblock habitacionescomodidadesh2'  itemprop=\"text\" ><h2>TOUTES LES COMMODIT\u00c9S<\/h2>\n<\/div><\/section><\/div>\n\n<style type=\"text\/css\" data-created_by=\"avia_inline_auto\" id=\"style-css-av-mohkwkkx-0aefae619e6fb0bf81848a0b89bfc918\">\n.flex_column.av-mohkwkkx-0aefae619e6fb0bf81848a0b89bfc918{\nbackground-color:#b70707;\n}\n.avia_transform .flex_column.av-mohkwkkx-0aefae619e6fb0bf81848a0b89bfc918{\nanimation-duration:3s;\n}\n<\/style>\n<div  class='flex_column av-mohkwkkx-0aefae619e6fb0bf81848a0b89bfc918 av_one_fourth  avia-builder-el-16  el_after_av_one_full  el_before_av_one_fourth  habitacionescomodidades first flex_column_div av-animated-generic left-to-right  column-top-margin'     ><p>\n<style type=\"text\/css\" data-created_by=\"avia_inline_auto\" id=\"style-css-av-mohl5jd9-843f302a90713ef0d30ee67b9c731f63\">\n.avia-image-container.av-mohl5jd9-843f302a90713ef0d30ee67b9c731f63 img.avia_image{\nbox-shadow:none;\n}\n.avia-image-container.av-mohl5jd9-843f302a90713ef0d30ee67b9c731f63 .av-image-caption-overlay-center{\ncolor:#ffffff;\n}\n<\/style>\n<div  class='avia-image-container av-mohl5jd9-843f302a90713ef0d30ee67b9c731f63 av-styling- avia-align-center  avia-builder-el-17  el_before_av_textblock  avia-builder-el-first '   itemprop=\"image\" itemscope=\"itemscope\" itemtype=\"https:\/\/schema.org\/ImageObject\" ><div class=\"avia-image-container-inner\"><div class=\"avia-image-overlay-wrap\"><img decoding=\"async\" fetchpriority=\"high\" class='wp-image-4077 avia-img-lazy-loading-not-4077 avia_image ' src=\"https:\/\/www.hotelcastillo.info\/wp-content\/uploads\/2026\/04\/icono_habitaciones_aparcamiento.png\" alt='Parking gratuit \u00e0 l&#039;h\u00f4tel' title='Parking gratuit \u00e0 l&#039;h\u00f4tel'  height=\"238\" width=\"290\"  itemprop=\"thumbnailUrl\"  \/><\/div><\/div><\/div><br \/>\n<section  class='av_textblock_section av-mohkz1i2-46fb72b8f15adf9eff5c483848530d13 '   itemscope=\"itemscope\" itemtype=\"https:\/\/schema.org\/CreativeWork\" ><div class='avia_textblock'  itemprop=\"text\" ><h4>PARKING<\/h4>\n<p>Grand parking ext\u00e9rieur<br \/> priv\u00e9 pour l&rsquo;h\u00f4tel<br \/>et le restaurant.<\/p>\n<\/div><\/section><\/p><\/div>\n\n<style type=\"text\/css\" data-created_by=\"avia_inline_auto\" id=\"style-css-av-7t98zl-2aba2d5ab630cb1941c295a39e44c92d\">\n.flex_column.av-7t98zl-2aba2d5ab630cb1941c295a39e44c92d{\nbackground-color:#b70707;\n}\n.avia_transform .flex_column.av-7t98zl-2aba2d5ab630cb1941c295a39e44c92d{\nanimation-duration:2s;\n}\n<\/style>\n<div  class='flex_column av-7t98zl-2aba2d5ab630cb1941c295a39e44c92d av_one_fourth  avia-builder-el-19  el_after_av_one_fourth  el_before_av_one_fourth  habitacionescomodidades flex_column_div av-animated-generic left-to-right  column-top-margin'     ><p>\n<style type=\"text\/css\" data-created_by=\"avia_inline_auto\" id=\"style-css-av-mohlp84h-10f8e2456f5f00ec13acb45ac474620d\">\n.avia-image-container.av-mohlp84h-10f8e2456f5f00ec13acb45ac474620d img.avia_image{\nbox-shadow:none;\n}\n.avia-image-container.av-mohlp84h-10f8e2456f5f00ec13acb45ac474620d .av-image-caption-overlay-center{\ncolor:#ffffff;\n}\n<\/style>\n<div  class='avia-image-container av-mohlp84h-10f8e2456f5f00ec13acb45ac474620d av-styling- avia-align-center  avia-builder-el-20  el_before_av_textblock  avia-builder-el-first '   itemprop=\"image\" itemscope=\"itemscope\" itemtype=\"https:\/\/schema.org\/ImageObject\" ><div class=\"avia-image-container-inner\"><div class=\"avia-image-overlay-wrap\"><img decoding=\"async\" fetchpriority=\"high\" class='wp-image-4078 avia-img-lazy-loading-not-4078 avia_image ' src=\"https:\/\/www.hotelcastillo.info\/wp-content\/uploads\/2026\/04\/icono_habitaciones_internet-wifi.png\" alt='Internet Wi-Fi dans l&#039;h\u00f4tel' title='Internet Wi-Fi dans l&#039;h\u00f4tel'  height=\"238\" width=\"290\"  itemprop=\"thumbnailUrl\"  \/><\/div><\/div><\/div><br \/>\n<section  class='av_textblock_section av-mohlrfg7-13016409b9e856a2355f1daab1a7f043 '   itemscope=\"itemscope\" itemtype=\"https:\/\/schema.org\/CreativeWork\" ><div class='avia_textblock'  itemprop=\"text\" ><h4>INTERNET WIFI<\/h4>\n<p>Connexion Wi-Fi gratuite<br \/>dans tout l&rsquo;h\u00f4tel<br \/>pour nos clients.<\/p>\n<\/div><\/section><\/p><\/div>\n\n<style type=\"text\/css\" data-created_by=\"avia_inline_auto\" id=\"style-css-av-632ya9-e006b232b44abe4ad7fc2c8dbb788627\">\n.flex_column.av-632ya9-e006b232b44abe4ad7fc2c8dbb788627{\nbackground-color:#b70707;\n}\n.avia_transform .flex_column.av-632ya9-e006b232b44abe4ad7fc2c8dbb788627{\nanimation-duration:2s;\n}\n<\/style>\n<div  class='flex_column av-632ya9-e006b232b44abe4ad7fc2c8dbb788627 av_one_fourth  avia-builder-el-22  el_after_av_one_fourth  el_before_av_one_fourth  habitacionescomodidades flex_column_div av-animated-generic right-to-left  column-top-margin'     ><p>\n<style type=\"text\/css\" data-created_by=\"avia_inline_auto\" id=\"style-css-av-mohlpduy-f2875dd66452272ac880bce7eb42d251\">\n.avia-image-container.av-mohlpduy-f2875dd66452272ac880bce7eb42d251 img.avia_image{\nbox-shadow:none;\n}\n.avia-image-container.av-mohlpduy-f2875dd66452272ac880bce7eb42d251 .av-image-caption-overlay-center{\ncolor:#ffffff;\n}\n<\/style>\n<div  class='avia-image-container av-mohlpduy-f2875dd66452272ac880bce7eb42d251 av-styling- avia-align-center  avia-builder-el-23  el_before_av_textblock  avia-builder-el-first '   itemprop=\"image\" itemscope=\"itemscope\" itemtype=\"https:\/\/schema.org\/ImageObject\" ><div class=\"avia-image-container-inner\"><div class=\"avia-image-overlay-wrap\"><img decoding=\"async\" fetchpriority=\"high\" class='wp-image-4079 avia-img-lazy-loading-not-4079 avia_image ' src=\"https:\/\/www.hotelcastillo.info\/wp-content\/uploads\/2026\/04\/icono_habitaciones_restaurante.png\" alt='Restaurant dans l&#039;h\u00f4tel' title='Restaurant dans l&#039;h\u00f4tel'  height=\"238\" width=\"290\"  itemprop=\"thumbnailUrl\"  \/><\/div><\/div><\/div><br \/>\n<section  class='av_textblock_section av-mohlqohb-079c65875d842dd3fc98dd76ec26df8d '   itemscope=\"itemscope\" itemtype=\"https:\/\/schema.org\/CreativeWork\" ><div class='avia_textblock'  itemprop=\"text\" ><h4>RESTAURANT<\/h4>\n<p>Cuisine de qualit\u00e9.<br \/>\nSavourez une cuisine raffin\u00e9e sans quitter l&rsquo;h\u00f4tel.<\/p>\n<\/div><\/section><\/p><\/div>\n\n<style type=\"text\/css\" data-created_by=\"avia_inline_auto\" id=\"style-css-av-4ccxpd-2f9e567cf7ed96671ca21d5a1bfcbcb6\">\n.flex_column.av-4ccxpd-2f9e567cf7ed96671ca21d5a1bfcbcb6{\nbackground-color:#b70707;\n}\n.avia_transform .flex_column.av-4ccxpd-2f9e567cf7ed96671ca21d5a1bfcbcb6{\nanimation-duration:3s;\n}\n<\/style>\n<div  class='flex_column av-4ccxpd-2f9e567cf7ed96671ca21d5a1bfcbcb6 av_one_fourth  avia-builder-el-25  el_after_av_one_fourth  el_before_av_hr  habitacionescomodidades flex_column_div av-animated-generic right-to-left  column-top-margin'     ><p>\n<style type=\"text\/css\" data-created_by=\"avia_inline_auto\" id=\"style-css-av-mohlpmfc-c89f202ef66ecdc6e0398f455948f32e\">\n.avia-image-container.av-mohlpmfc-c89f202ef66ecdc6e0398f455948f32e img.avia_image{\nbox-shadow:none;\n}\n.avia-image-container.av-mohlpmfc-c89f202ef66ecdc6e0398f455948f32e .av-image-caption-overlay-center{\ncolor:#ffffff;\n}\n<\/style>\n<div  class='avia-image-container av-mohlpmfc-c89f202ef66ecdc6e0398f455948f32e av-styling- avia-align-center  avia-builder-el-26  el_before_av_textblock  avia-builder-el-first '   itemprop=\"image\" itemscope=\"itemscope\" itemtype=\"https:\/\/schema.org\/ImageObject\" ><div class=\"avia-image-container-inner\"><div class=\"avia-image-overlay-wrap\"><img decoding=\"async\" fetchpriority=\"high\" class='wp-image-4080 avia-img-lazy-loading-not-4080 avia_image ' src=\"https:\/\/www.hotelcastillo.info\/wp-content\/uploads\/2026\/04\/icono_habitaciones_despertador.png\" alt='Service de r\u00e9veil \u00e0 l&#039;h\u00f4tel' title='Service de r\u00e9veil \u00e0 l&#039;h\u00f4tel'  height=\"238\" width=\"290\"  itemprop=\"thumbnailUrl\"  \/><\/div><\/div><\/div><br \/>\n<section  class='av_textblock_section av-mohlq751-602d14f0a33f00de8c97bf782771456d '   itemscope=\"itemscope\" itemtype=\"https:\/\/schema.org\/CreativeWork\" ><div class='avia_textblock'  itemprop=\"text\" ><h4>R\u00c9VEIL<\/h4>\n<p>Veuillez nous indiquer \u00e0 la r\u00e9ception l&rsquo;heure \u00e0 laquelle vous souhaitez vous r\u00e9veiller.<\/p>\n<\/div><\/section><\/p><\/div>\n\n<style type=\"text\/css\" data-created_by=\"avia_inline_auto\" id=\"style-css-av-22iow1-118e8bf357fdeb2d1ec690e3a20b4e69\">\n#top .hr.hr-invisible.av-22iow1-118e8bf357fdeb2d1ec690e3a20b4e69{\nheight:80px;\n}\n<\/style>\n<div  class='hr av-22iow1-118e8bf357fdeb2d1ec690e3a20b4e69 hr-invisible  avia-builder-el-28  el_after_av_one_fourth  avia-builder-el-last '><span class='hr-inner '><span class=\"hr-inner-style\"><\/span><\/span><\/div>\n","protected":false},"excerpt":{"rendered":"","protected":false},"author":1,"featured_media":0,"parent":0,"menu_order":0,"comment_status":"closed","ping_status":"open","template":"","meta":{"footnotes":""},"class_list":["post-4081","page","type-page","status-publish","hentry"],"_links":{"self":[{"href":"https:\/\/www.hotelcastillo.info\/fr\/wp-json\/wp\/v2\/pages\/4081","targetHints":{"allow":["GET"]}}],"collection":[{"href":"https:\/\/www.hotelcastillo.info\/fr\/wp-json\/wp\/v2\/pages"}],"about":[{"href":"https:\/\/www.hotelcastillo.info\/fr\/wp-json\/wp\/v2\/types\/page"}],"author":[{"embeddable":true,"href":"https:\/\/www.hotelcastillo.info\/fr\/wp-json\/wp\/v2\/users\/1"}],"replies":[{"embeddable":true,"href":"https:\/\/www.hotelcastillo.info\/fr\/wp-json\/wp\/v2\/comments?post=4081"}],"version-history":[{"count":9,"href":"https:\/\/www.hotelcastillo.info\/fr\/wp-json\/wp\/v2\/pages\/4081\/revisions"}],"predecessor-version":[{"id":4111,"href":"https:\/\/www.hotelcastillo.info\/fr\/wp-json\/wp\/v2\/pages\/4081\/revisions\/4111"}],"wp:attachment":[{"href":"https:\/\/www.hotelcastillo.info\/fr\/wp-json\/wp\/v2\/media?parent=4081"}],"curies":[{"name":"wp","href":"https:\/\/api.w.org\/{rel}","templated":true}]}}