{"id":2010,"date":"2011-07-14T19:45:29","date_gmt":"2011-07-14T19:45:29","guid":{"rendered":"http:\/\/www.hotelcastillo.info\/fr\/restaurante-en-olaberria-beasain\/"},"modified":"2019-10-28T18:54:11","modified_gmt":"2019-10-28T18:54:11","slug":"restaurant-a-olaberria-beasain","status":"publish","type":"page","link":"https:\/\/www.hotelcastillo.info\/fr\/restaurant-a-olaberria-beasain\/","title":{"rendered":"Restaurant"},"content":{"rendered":"<p>Le restaurant de l'H\u00f4tel Castillo vous propose un menu quotidien pr\u00e9par\u00e9 avec des ingr\u00e9dients de saison, qui est servi \u00e0 midi et aussi le soir au cours de la semaine.<\/p>\n<div style=\"height:20px\"><\/div>\n<ul id=\"portfolio-grid\" class=\"filterable-portfolio thumbnails portfolio-3cols isotope\" data-cols=\"3cols\" style=\"visibility: visible; position: relative; overflow: hidden; height: 285px;\">\n<li class=\"portfolio_item isotope-item\" style=\"width: 396px; position: absolute; left: 0px; top: 0px; transform: translate(0px, 0px);\">\n<div class=\"portfolio_item_holder\" style=\"height:297px\">\n<figure class=\"thumbnail thumbnail__portfolio\"><a href=\"http:\/\/www.hotelcastillo.info\/imageneswp\/gallery_restaurante01_1256x837.jpg\" class=\"image-wrap\" rel=\"prettyPhoto[gallery2]\"><img decoding=\"async\" src=\"\/\/www.hotelcastillo.info\/imageneswp\/gallery_restaurante01_1256x837.jpg\" alt=\"Slideshow Format\"><span class=\"zoom-icon\"><\/span><\/a><\/figure>\n<p><a href=\"http:\/\/www.hotelcastillo.info\/imageneswp\/gallery_restaurante02_1256x837.jpg\" style=\"display:none\" rel=\"prettyPhoto[gallery2]\"><\/a><br \/>\n<a href=\"http:\/\/www.hotelcastillo.info\/imageneswp\/gallery_restaurante03_1256x837.jpg\" style=\"display:none\" rel=\"prettyPhoto[gallery2]\"><\/a><br \/>\n<a href=\"http:\/\/www.hotelcastillo.info\/imageneswp\/gallery_restaurante04_1256x837.jpg\" style=\"display:none\" rel=\"prettyPhoto[gallery2]\"><\/a><br \/>\n<a href=\"http:\/\/www.hotelcastillo.info\/imageneswp\/gallery_restaurante05_1256x837.jpg\" style=\"display:none\" rel=\"prettyPhoto[gallery2]\"><\/a>\n<\/div>\n<\/li>\n<li class=\"portfolio_item isotope-item\" style=\"width: 396px; position: absolute; left: 0px; top: 0px; transform: translate(396px, 0px);\">\n<div class=\"portfolio_item_holder\" style=\"height:297px\">\n<figure class=\"thumbnail thumbnail__portfolio\"><a href=\"http:\/\/www.hotelcastillo.info\/imageneswp\/gallery_restaurante02_1256x837.jpg\" class=\"image-wrap\" rel=\"prettyPhoto[gallery2]\"><img decoding=\"async\" src=\"\/\/www.hotelcastillo.info\/imageneswp\/gallery_restaurante02_1256x837.jpg\" alt=\"Slideshow Format\"><span class=\"zoom-icon\"><\/span><\/a><\/figure>\n<p><a href=\"http:\/\/www.hotelcastillo.info\/imageneswp\/gallery_restaurante03_1256x837.jpg\" style=\"display:none\" rel=\"prettyPhoto[gallery2]\"><\/a><br \/>\n<a href=\"http:\/\/www.hotelcastillo.info\/imageneswp\/gallery_restaurante04_1256x837.jpg\" style=\"display:none\" rel=\"prettyPhoto[gallery2]\"><\/a><br \/>\n<a href=\"http:\/\/www.hotelcastillo.info\/imageneswp\/gallery_restaurante05_1256x837.jpg\" style=\"display:none\" rel=\"prettyPhoto[gallery2]\"><\/a><br \/>\n<a href=\"http:\/\/www.hotelcastillo.info\/imageneswp\/gallery_restaurante01_1256x837.jpg\" style=\"display:none\" rel=\"prettyPhoto[gallery2]\"><\/a>\n<\/div>\n<\/li>\n<li class=\"portfolio_item isotope-item\" style=\"width: 396px; position: absolute; left: 0px; top: 0px; transform: translate(792px, 0px);\">\n<div class=\"portfolio_item_holder\" style=\"height:297px\">\n<figure class=\"thumbnail thumbnail__portfolio\"><a href=\"http:\/\/www.hotelcastillo.info\/imageneswp\/gallery_restaurante03_1256x837.jpg\" class=\"image-wrap\" rel=\"prettyPhoto[gallery2]\"><img decoding=\"async\" src=\"\/\/www.hotelcastillo.info\/imageneswp\/gallery_restaurante03_1256x837.jpg\" alt=\"Slideshow Format\"><span class=\"zoom-icon\"><\/span><\/a><\/figure>\n<p><a href=\"http:\/\/www.hotelcastillo.info\/imageneswp\/gallery_restaurante04_1256x837.jpg\" style=\"display:none\" rel=\"prettyPhoto[gallery2]\"><\/a><br \/>\n<a href=\"http:\/\/www.hotelcastillo.info\/imageneswp\/gallery_restaurante05_1256x837.jpg\" style=\"display:none\" rel=\"prettyPhoto[gallery2]\"><\/a><br \/>\n<a href=\"http:\/\/www.hotelcastillo.info\/imageneswp\/gallery_restaurante01_1256x837.jpg\" style=\"display:none\" rel=\"prettyPhoto[gallery2]\"><\/a><br \/>\n<a href=\"http:\/\/www.hotelcastillo.info\/imageneswp\/gallery_restaurante02_1256x837.jpg\" style=\"display:none\" rel=\"prettyPhoto[gallery2]\"><\/a>\n<\/div>\n<\/li>\n<p><!--\t\n\n\n<li class=\"portfolio_item isotope-item\" style=\"width: 396px; position: absolute; left: 0px; top: 0px; transform: translate(0px, 270px);\">\n\n\n<div class=\"portfolio_item_holder\" style=\"height:297px\">\n\n\n<figure class=\"thumbnail thumbnail__portfolio\"><a href=\"http:\/\/www.hotelcastillo.info\/imageneswp\/gallery_restaurante04_1256x837.jpg\" class=\"image-wrap\" rel=\"prettyPhoto[gallery2]\"><img decoding=\"async\" src=\"\/\/www.hotelcastillo.info\/imageneswp\/gallery_restaurante04_1256x837.jpg\" alt=\"Slideshow Format\"><span class=\"zoom-icon\"><\/span><\/a><\/figure>\n\n\n<a href=\"http:\/\/www.hotelcastillo.info\/imageneswp\/gallery_restaurante05_1256x837.jpg\" style=\"display:none\" rel=\"prettyPhoto[gallery2]\"><\/a>\n<a href=\"http:\/\/www.hotelcastillo.info\/imageneswp\/gallery_restaurante01_1256x837.jpg\" style=\"display:none\" rel=\"prettyPhoto[gallery2]\"><\/a>\n<a href=\"http:\/\/www.hotelcastillo.info\/imageneswp\/gallery_restaurante02_1256x837.jpg\" style=\"display:none\" rel=\"prettyPhoto[gallery2]\"><\/a>\n<a href=\"http:\/\/www.hotelcastillo.info\/imageneswp\/gallery_restaurante03_1256x837.jpg\" style=\"display:none\" rel=\"prettyPhoto[gallery2]\"><\/a>\n<\/div>\n\n\n<\/li>\n\n\n\n\n\n<li class=\"portfolio_item isotope-item\" style=\"width: 396px; position: absolute; left: 0px; top: 0px; transform: translate(396px, 270px);\">\n\n\n<div class=\"portfolio_item_holder\" style=\"height:297px\">\n\n\n<figure class=\"thumbnail thumbnail__portfolio\"><a href=\"http:\/\/www.hotelcastillo.info\/imageneswp\/gallery_restaurante05_1256x837.jpg\" class=\"image-wrap\" rel=\"prettyPhoto[gallery2]\"><img decoding=\"async\" src=\"\/\/www.hotelcastillo.info\/imageneswp\/gallery_restaurante05_1256x837.jpg\" alt=\"Slideshow Format\"><span class=\"zoom-icon\"><\/span><\/a><\/figure>\n\n\n<a href=\"http:\/\/www.hotelcastillo.info\/imageneswp\/gallery_restaurante01_1256x837.jpg\" style=\"display:none\" rel=\"prettyPhoto[gallery2]\"><\/a>\n<a href=\"http:\/\/www.hotelcastillo.info\/imageneswp\/gallery_restaurante02_1256x837.jpg\" style=\"display:none\" rel=\"prettyPhoto[gallery2]\"><\/a>\t\n<a href=\"http:\/\/www.hotelcastillo.info\/imageneswp\/gallery_restaurante03_1256x837.jpg\" style=\"display:none\" rel=\"prettyPhoto[gallery2]\"><\/a>\n<a href=\"http:\/\/www.hotelcastillo.info\/imageneswp\/gallery_restaurante04_1256x837.jpg\" style=\"display:none\" rel=\"prettyPhoto[gallery2]\"><\/a>\n<\/div>\n\n\n<\/li>\n\n\n-->\n<\/ul>\n","protected":false},"excerpt":{"rendered":"Le restaurant de l'H\u00f4tel Castillo vous propose un menu quotidien pr\u00e9par\u00e9 avec des ingr\u00e9dients de saison, qui est servi \u00e0 midi et aussi le soir au cours de la semaine.","protected":false},"author":1,"featured_media":2153,"parent":0,"menu_order":4,"comment_status":"open","ping_status":"closed","template":"page-fullwidth.php","meta":{"footnotes":""},"class_list":["post-2010","page","type-page","status-publish","has-post-thumbnail","hentry"],"_links":{"self":[{"href":"https:\/\/www.hotelcastillo.info\/fr\/wp-json\/wp\/v2\/pages\/2010","targetHints":{"allow":["GET"]}}],"collection":[{"href":"https:\/\/www.hotelcastillo.info\/fr\/wp-json\/wp\/v2\/pages"}],"about":[{"href":"https:\/\/www.hotelcastillo.info\/fr\/wp-json\/wp\/v2\/types\/page"}],"author":[{"embeddable":true,"href":"https:\/\/www.hotelcastillo.info\/fr\/wp-json\/wp\/v2\/users\/1"}],"replies":[{"embeddable":true,"href":"https:\/\/www.hotelcastillo.info\/fr\/wp-json\/wp\/v2\/comments?post=2010"}],"version-history":[{"count":4,"href":"https:\/\/www.hotelcastillo.info\/fr\/wp-json\/wp\/v2\/pages\/2010\/revisions"}],"predecessor-version":[{"id":2541,"href":"https:\/\/www.hotelcastillo.info\/fr\/wp-json\/wp\/v2\/pages\/2010\/revisions\/2541"}],"wp:featuredmedia":[{"embeddable":true,"href":"https:\/\/www.hotelcastillo.info\/fr\/wp-json\/wp\/v2\/media\/2153"}],"wp:attachment":[{"href":"https:\/\/www.hotelcastillo.info\/fr\/wp-json\/wp\/v2\/media?parent=2010"}],"curies":[{"name":"wp","href":"https:\/\/api.w.org\/{rel}","templated":true}]}}