{"id":2003,"date":"2011-07-14T19:46:13","date_gmt":"2011-07-14T19:46:13","guid":{"rendered":"http:\/\/www.hotelcastillo.info\/fr\/hotel-en-olaberria-beasain\/"},"modified":"2024-07-10T16:34:17","modified_gmt":"2024-07-10T16:34:17","slug":"hotel-a-olaberria-beasain","status":"publish","type":"page","link":"https:\/\/www.hotelcastillo.info\/fr\/hotel-a-olaberria-beasain\/","title":{"rendered":"Chambres"},"content":{"rendered":"<p>L\u00b4H\u00f4tel Castillo propose une s\u00e9lection de chambres avec des \u00e9quipements modernes dans un environnement exclusif, qui sont con\u00e7ues pour le confort de nos clients et adapt\u00e9es pour les voyageurs d'affaires et pour ceux qui souhaitent d\u00e9couvrir la nature environnante.<\/p>\n<p>\u00c9quipement des chambres: salle de bains, TV \u00e9cran plat, WIFI, climatisation, chauffage, bureau, s\u00e8che-cheveux, t\u00e9l\u00e9phone et r\u00e9veil par t\u00e9l\u00e9phone.<\/p>\n<div style=\"height:20px\"><\/div>\n<ul id=\"portfolio-grid\" class=\"filterable-portfolio thumbnails portfolio-3cols isotope\" data-cols=\"3cols\" style=\"visibility: visible; position: relative; overflow: hidden; height: 270px;\">\n<li class=\"portfolio_item isotope-item\" style=\"width: 396px; position: absolute; left: 0px; top: 0px; transform: translate(0px, 0px);\">\n<div class=\"portfolio_item_holder\" style=\"height:297px\">\n<figure class=\"thumbnail thumbnail__portfolio\"><a href=\"http:\/\/www.hotelcastillo.info\/imageneswp\/gallery_habitaciones01_1256x837.jpg\" class=\"image-wrap\" rel=\"prettyPhoto[gallery2]\"><img decoding=\"async\" src=\"\/\/www.hotelcastillo.info\/imageneswp\/gallery_habitaciones01_1256x837.jpg\" alt=\"Slideshow Format\"><span class=\"zoom-icon\"><\/span><\/a><\/figure>\n<p><a href=\"http:\/\/www.hotelcastillo.info\/imageneswp\/gallery_habitaciones02_1256x837.jpg\" style=\"display:none\" rel=\"prettyPhoto[gallery2]\"><\/a><br \/>\n<a href=\"http:\/\/www.hotelcastillo.info\/imageneswp\/gallery_habitaciones03_1256x837.jpg\" style=\"display:none\" rel=\"prettyPhoto[gallery2]\"><\/a><br \/>\n<a href=\"http:\/\/www.hotelcastillo.info\/imageneswp\/gallery_habitaciones04_1256x837.jpg\" style=\"display:none\" rel=\"prettyPhoto[gallery2]\"><\/a><br \/>\n<a href=\"http:\/\/www.hotelcastillo.info\/imageneswp\/gallery_habitaciones05_1256x837.jpg\" style=\"display:none\" rel=\"prettyPhoto[gallery2]\"><\/a><br \/>\n<a href=\"http:\/\/www.hotelcastillo.info\/imageneswp\/gallery_habitaciones06_1256x837.jpg\" style=\"display:none\" rel=\"prettyPhoto[gallery2]\"><\/a><br \/>\n<a href=\"http:\/\/www.hotelcastillo.info\/imageneswp\/gallery_habitaciones07_1256x837.jpg\" style=\"display:none\" rel=\"prettyPhoto[gallery2]\"><\/a><br \/>\n<a href=\"http:\/\/www.hotelcastillo.info\/imageneswp\/gallery_habitaciones08_1256x837.jpg\" style=\"display:none\" rel=\"prettyPhoto[gallery2]\"><\/a><br \/>\n<a href=\"http:\/\/www.hotelcastillo.info\/imageneswp\/gallery_habitaciones09_1256x837.jpg\" style=\"display:none\" rel=\"prettyPhoto[gallery2]\"><\/a>\n<\/div>\n<\/li>\n<li class=\"portfolio_item isotope-item\" style=\"width: 396px; position: absolute; left: 0px; top: 0px; transform: translate(396px, 0px);\">\n<div class=\"portfolio_item_holder\" style=\"height:297px\">\n<figure class=\"thumbnail thumbnail__portfolio\"><a href=\"http:\/\/www.hotelcastillo.info\/imageneswp\/gallery_habitaciones02_1256x837.jpg\" class=\"image-wrap\" rel=\"prettyPhoto[gallery2]\"><img decoding=\"async\" src=\"\/\/www.hotelcastillo.info\/imageneswp\/gallery_habitaciones02_1256x837.jpg\" alt=\"Slideshow Format\"><span class=\"zoom-icon\"><\/span><\/a><\/figure>\n<p><a href=\"http:\/\/www.hotelcastillo.info\/imageneswp\/gallery_habitaciones03_1256x837.jpg\" style=\"display:none\" rel=\"prettyPhoto[gallery2]\"><\/a><br \/>\n<a href=\"http:\/\/www.hotelcastillo.info\/imageneswp\/gallery_habitaciones04_1256x837.jpg\" style=\"display:none\" rel=\"prettyPhoto[gallery2]\"><\/a><br \/>\n<a href=\"http:\/\/www.hotelcastillo.info\/imageneswp\/gallery_habitaciones05_1256x837.jpg\" style=\"display:none\" rel=\"prettyPhoto[gallery2]\"><\/a><br \/>\n<a href=\"http:\/\/www.hotelcastillo.info\/imageneswp\/gallery_habitaciones06_1256x837.jpg\" style=\"display:none\" rel=\"prettyPhoto[gallery2]\"><\/a><br \/>\n<a href=\"http:\/\/www.hotelcastillo.info\/imageneswp\/gallery_habitaciones07_1256x837.jpg\" style=\"display:none\" rel=\"prettyPhoto[gallery2]\"><\/a><br \/>\n<a href=\"http:\/\/www.hotelcastillo.info\/imageneswp\/gallery_habitaciones08_1256x837.jpg\" style=\"display:none\" rel=\"prettyPhoto[gallery2]\"><\/a><br \/>\n<a href=\"http:\/\/www.hotelcastillo.info\/imageneswp\/gallery_habitaciones09_1256x837.jpg\" style=\"display:none\" rel=\"prettyPhoto[gallery2]\"><\/a><br \/>\n<a href=\"http:\/\/www.hotelcastillo.info\/imageneswp\/gallery_habitaciones01_1256x837.jpg\" style=\"display:none\" rel=\"prettyPhoto[gallery2]\"><\/a>\n<\/div>\n<\/li>\n<li class=\"portfolio_item isotope-item\" style=\"width: 396px; position: absolute; left: 0px; top: 0px; transform: translate(792px, 0px);\">\n<div class=\"portfolio_item_holder\" style=\"height:297px\">\n<figure class=\"thumbnail thumbnail__portfolio\"><a href=\"http:\/\/www.hotelcastillo.info\/imageneswp\/gallery_habitaciones03_1256x837.jpg\" class=\"image-wrap\" rel=\"prettyPhoto[gallery2]\"><img decoding=\"async\" src=\"\/\/www.hotelcastillo.info\/imageneswp\/gallery_habitaciones03_1256x837.jpg\" alt=\"Slideshow Format\"><span class=\"zoom-icon\"><\/span><\/a><\/figure>\n<p><a href=\"http:\/\/www.hotelcastillo.info\/imageneswp\/gallery_habitaciones04_1256x837.jpg\" style=\"display:none\" rel=\"prettyPhoto[gallery2]\"><\/a><br \/>\n<a href=\"http:\/\/www.hotelcastillo.info\/imageneswp\/gallery_habitaciones05_1256x837.jpg\" style=\"display:none\" rel=\"prettyPhoto[gallery2]\"><\/a><br \/>\n<a href=\"http:\/\/www.hotelcastillo.info\/imageneswp\/gallery_habitaciones06_1256x837.jpg\" style=\"display:none\" rel=\"prettyPhoto[gallery2]\"><\/a><br \/>\n<a href=\"http:\/\/www.hotelcastillo.info\/imageneswp\/gallery_habitaciones07_1256x837.jpg\" style=\"display:none\" rel=\"prettyPhoto[gallery2]\"><\/a><br \/>\n<a href=\"http:\/\/www.hotelcastillo.info\/imageneswp\/gallery_habitaciones08_1256x837.jpg\" style=\"display:none\" rel=\"prettyPhoto[gallery2]\"><\/a><br \/>\n<a href=\"http:\/\/www.hotelcastillo.info\/imageneswp\/gallery_habitaciones09_1256x837.jpg\" style=\"display:none\" rel=\"prettyPhoto[gallery2]\"><\/a><br \/>\n<a href=\"http:\/\/www.hotelcastillo.info\/imageneswp\/gallery_habitaciones01_1256x837.jpg\" style=\"display:none\" rel=\"prettyPhoto[gallery2]\"><\/a><br \/>\n<a href=\"http:\/\/www.hotelcastillo.info\/imageneswp\/gallery_habitaciones02_1256x837.jpg\" style=\"display:none\" rel=\"prettyPhoto[gallery2]\"><\/a>\n<\/div>\n<\/li>\n<p><!--\n\t\n\n\n<li class=\"portfolio_item isotope-item\" style=\"width: 396px; position: absolute; left: 0px; top: 0px; transform: translate(0px, 270px);\">\n\n\n<div class=\"portfolio_item_holder\" style=\"height:297px\">\n\n\n<figure class=\"thumbnail thumbnail__portfolio\"><a href=\"http:\/\/www.hotelcastillo.info\/imageneswp\/gallery_habitaciones04_1256x837.jpg\" class=\"image-wrap\" rel=\"prettyPhoto[gallery2]\"><img decoding=\"async\" src=\"\/\/www.hotelcastillo.info\/imageneswp\/gallery_habitaciones04_1256x837.jpg\" alt=\"Slideshow Format\"><span class=\"zoom-icon\"><\/span><\/a><\/figure>\n\n\n<a href=\"http:\/\/www.hotelcastillo.info\/imageneswp\/gallery_habitaciones05_1256x837.jpg\" style=\"display:none\" rel=\"prettyPhoto[gallery2]\"><\/a>\n<a href=\"http:\/\/www.hotelcastillo.info\/imageneswp\/gallery_habitaciones06_1256x837.jpg\" style=\"display:none\" rel=\"prettyPhoto[gallery2]\"><\/a>\n<a href=\"http:\/\/www.hotelcastillo.info\/imageneswp\/gallery_habitaciones07_1256x837.jpg\" style=\"display:none\" rel=\"prettyPhoto[gallery2]\"><\/a>\n<a href=\"http:\/\/www.hotelcastillo.info\/imageneswp\/gallery_habitaciones08_1256x837.jpg\" style=\"display:none\" rel=\"prettyPhoto[gallery2]\"><\/a>\n<a href=\"http:\/\/www.hotelcastillo.info\/imageneswp\/gallery_habitaciones09_1256x837.jpg\" style=\"display:none\" rel=\"prettyPhoto[gallery2]\"><\/a>\n<a href=\"http:\/\/www.hotelcastillo.info\/imageneswp\/gallery_habitaciones01_1256x837.jpg\" style=\"display:none\" rel=\"prettyPhoto[gallery2]\"><\/a>\n<a href=\"http:\/\/www.hotelcastillo.info\/imageneswp\/gallery_habitaciones02_1256x837.jpg\" style=\"display:none\" rel=\"prettyPhoto[gallery2]\"><\/a>\n<a href=\"http:\/\/www.hotelcastillo.info\/imageneswp\/gallery_habitaciones03_1256x837.jpg\" style=\"display:none\" rel=\"prettyPhoto[gallery2]\"><\/a>\n<\/div>\n\n\n<\/li>\n\n\n\n\n\n<li class=\"portfolio_item isotope-item\" style=\"width: 396px; position: absolute; left: 0px; top: 0px; transform: translate(396px, 270px);\">\n\n\n<div class=\"portfolio_item_holder\" style=\"height:297px\">\n\n\n<figure class=\"thumbnail thumbnail__portfolio\"><a href=\"http:\/\/www.hotelcastillo.info\/imageneswp\/gallery_habitaciones05_1256x837.jpg\" class=\"image-wrap\" rel=\"prettyPhoto[gallery2]\"><img decoding=\"async\" src=\"\/\/www.hotelcastillo.info\/imageneswp\/gallery_habitaciones05_1256x837.jpg\" alt=\"Slideshow Format\"><span class=\"zoom-icon\"><\/span><\/a><\/figure>\n\n\n<a href=\"http:\/\/www.hotelcastillo.info\/imageneswp\/gallery_habitaciones06_1256x837.jpg\" style=\"display:none\" rel=\"prettyPhoto[gallery2]\"><\/a>\n<a href=\"http:\/\/www.hotelcastillo.info\/imageneswp\/gallery_habitaciones07_1256x837.jpg\" style=\"display:none\" rel=\"prettyPhoto[gallery2]\"><\/a>\n<a href=\"http:\/\/www.hotelcastillo.info\/imageneswp\/gallery_habitaciones08_1256x837.jpg\" style=\"display:none\" rel=\"prettyPhoto[gallery2]\"><\/a>\n<a href=\"http:\/\/www.hotelcastillo.info\/imageneswp\/gallery_habitaciones09_1256x837.jpg\" style=\"display:none\" rel=\"prettyPhoto[gallery2]\"><\/a>\n<a href=\"http:\/\/www.hotelcastillo.info\/imageneswp\/gallery_habitaciones01_1256x837.jpg\" style=\"display:none\" rel=\"prettyPhoto[gallery2]\"><\/a>\n<a href=\"http:\/\/www.hotelcastillo.info\/imageneswp\/gallery_habitaciones02_1256x837.jpg\" style=\"display:none\" rel=\"prettyPhoto[gallery2]\"><\/a>\t\n<a href=\"http:\/\/www.hotelcastillo.info\/imageneswp\/gallery_habitaciones03_1256x837.jpg\" style=\"display:none\" rel=\"prettyPhoto[gallery2]\"><\/a>\n<a href=\"http:\/\/www.hotelcastillo.info\/imageneswp\/gallery_habitaciones04_1256x837.jpg\" style=\"display:none\" rel=\"prettyPhoto[gallery2]\"><\/a>\n<\/div>\n\n\n<\/li>\n\n\n\n\n\n<li class=\"portfolio_item isotope-item\" style=\"width: 396px; position: absolute; left: 0px; top: 0px; transform: translate(792px, 270px);\">\n\n\n<div class=\"portfolio_item_holder\" style=\"height:297px\">\n\n\n<figure class=\"thumbnail thumbnail__portfolio\"><a href=\"http:\/\/www.hotelcastillo.info\/imageneswp\/gallery_habitaciones06_1256x837.jpg\" class=\"image-wrap\" rel=\"prettyPhoto[gallery2]\"><img decoding=\"async\" src=\"\/\/www.hotelcastillo.info\/imageneswp\/gallery_habitaciones06_1256x837.jpg\" alt=\"Slideshow Format\"><span class=\"zoom-icon\"><\/span><\/a><\/figure>\n\n\n<a href=\"http:\/\/www.hotelcastillo.info\/imageneswp\/gallery_habitaciones07_1256x837.jpg\" style=\"display:none\" rel=\"prettyPhoto[gallery2]\"><\/a>\n<a href=\"http:\/\/www.hotelcastillo.info\/imageneswp\/gallery_habitaciones08_1256x837.jpg\" style=\"display:none\" rel=\"prettyPhoto[gallery2]\"><\/a>\n<a href=\"http:\/\/www.hotelcastillo.info\/imageneswp\/gallery_habitaciones09_1256x837.jpg\" style=\"display:none\" rel=\"prettyPhoto[gallery2]\"><\/a>\n<a href=\"http:\/\/www.hotelcastillo.info\/imageneswp\/gallery_habitaciones01_1256x837.jpg\" style=\"display:none\" rel=\"prettyPhoto[gallery2]\"><\/a>\n<a href=\"http:\/\/www.hotelcastillo.info\/imageneswp\/gallery_habitaciones02_1256x837.jpg\" style=\"display:none\" rel=\"prettyPhoto[gallery2]\"><\/a>\n<a href=\"http:\/\/www.hotelcastillo.info\/imageneswp\/gallery_habitaciones03_1256x837.jpg\" style=\"display:none\" rel=\"prettyPhoto[gallery2]\"><\/a>\n<a href=\"http:\/\/www.hotelcastillo.info\/imageneswp\/gallery_habitaciones04_1256x837.jpg\" style=\"display:none\" rel=\"prettyPhoto[gallery2]\"><\/a>\n<a href=\"http:\/\/www.hotelcastillo.info\/imageneswp\/gallery_habitaciones05_1256x837.jpg\" style=\"display:none\" rel=\"prettyPhoto[gallery2]\"><\/a>\n<\/div>\n\n\n<\/li>\n\n\n\n\n\t\n\n\n<li class=\"portfolio_item isotope-item\" style=\"width: 396px; position: absolute; left: 0px; top: 0px; transform: translate(0px, 540px);\">\n\n\n<div class=\"portfolio_item_holder\" style=\"height:297px\">\n\n\n<figure class=\"thumbnail thumbnail__portfolio\"><a href=\"http:\/\/www.hotelcastillo.info\/imageneswp\/gallery_habitaciones07_1256x837.jpg\" class=\"image-wrap\" rel=\"prettyPhoto[gallery2]\"><img decoding=\"async\" src=\"\/\/www.hotelcastillo.info\/imageneswp\/gallery_habitaciones07_1256x837.jpg\" alt=\"Slideshow Format\"><span class=\"zoom-icon\"><\/span><\/a><\/figure>\n\n\n<a href=\"http:\/\/www.hotelcastillo.info\/imageneswp\/gallery_habitaciones08_1256x837.jpg\" style=\"display:none\" rel=\"prettyPhoto[gallery2]\"><\/a>\n<a href=\"http:\/\/www.hotelcastillo.info\/imageneswp\/gallery_habitaciones09_1256x837.jpg\" style=\"display:none\" rel=\"prettyPhoto[gallery2]\"><\/a>\n<a href=\"http:\/\/www.hotelcastillo.info\/imageneswp\/gallery_habitaciones01_1256x837.jpg\" style=\"display:none\" rel=\"prettyPhoto[gallery2]\"><\/a>\n<a href=\"http:\/\/www.hotelcastillo.info\/imageneswp\/gallery_habitaciones02_1256x837.jpg\" style=\"display:none\" rel=\"prettyPhoto[gallery2]\"><\/a>\n<a href=\"http:\/\/www.hotelcastillo.info\/imageneswp\/gallery_habitaciones03_1256x837.jpg\" style=\"display:none\" rel=\"prettyPhoto[gallery2]\"><\/a>\n<a href=\"http:\/\/www.hotelcastillo.info\/imageneswp\/gallery_habitaciones04_1256x837.jpg\" style=\"display:none\" rel=\"prettyPhoto[gallery2]\"><\/a>\n<a href=\"http:\/\/www.hotelcastillo.info\/imageneswp\/gallery_habitaciones05_1256x837.jpg\" style=\"display:none\" rel=\"prettyPhoto[gallery2]\"><\/a>\n<a href=\"http:\/\/www.hotelcastillo.info\/imageneswp\/gallery_habitaciones06_1256x837.jpg\" style=\"display:none\" rel=\"prettyPhoto[gallery2]\"><\/a>\n<\/div>\n\n\n<\/li>\n\n\n\n\n\n<li class=\"portfolio_item isotope-item\" style=\"width: 396px; position: absolute; left: 0px; top: 0px; transform: translate(396px, 540px);\">\n\n\n<div class=\"portfolio_item_holder\" style=\"height:297px\">\n\n\n<figure class=\"thumbnail thumbnail__portfolio\"><a href=\"http:\/\/www.hotelcastillo.info\/imageneswp\/gallery_habitaciones08_1256x837.jpg\" class=\"image-wrap\" rel=\"prettyPhoto[gallery2]\"><img decoding=\"async\" src=\"\/\/www.hotelcastillo.info\/imageneswp\/gallery_habitaciones08_1256x837.jpg\" alt=\"Slideshow Format\"><span class=\"zoom-icon\"><\/span><\/a><\/figure>\n\n\n<a href=\"http:\/\/www.hotelcastillo.info\/imageneswp\/gallery_habitaciones09_1256x837.jpg\" style=\"display:none\" rel=\"prettyPhoto[gallery2]\"><\/a>\n<a href=\"http:\/\/www.hotelcastillo.info\/imageneswp\/gallery_habitaciones01_1256x837.jpg\" style=\"display:none\" rel=\"prettyPhoto[gallery2]\"><\/a>\n<a href=\"http:\/\/www.hotelcastillo.info\/imageneswp\/gallery_habitaciones02_1256x837.jpg\" style=\"display:none\" rel=\"prettyPhoto[gallery2]\"><\/a>\t\n<a href=\"http:\/\/www.hotelcastillo.info\/imageneswp\/gallery_habitaciones03_1256x837.jpg\" style=\"display:none\" rel=\"prettyPhoto[gallery2]\"><\/a>\n<a href=\"http:\/\/www.hotelcastillo.info\/imageneswp\/gallery_habitaciones04_1256x837.jpg\" style=\"display:none\" rel=\"prettyPhoto[gallery2]\"><\/a>\n<a href=\"http:\/\/www.hotelcastillo.info\/imageneswp\/gallery_habitaciones05_1256x837.jpg\" style=\"display:none\" rel=\"prettyPhoto[gallery2]\"><\/a>\n<a href=\"http:\/\/www.hotelcastillo.info\/imageneswp\/gallery_habitaciones06_1256x837.jpg\" style=\"display:none\" rel=\"prettyPhoto[gallery2]\"><\/a>\n<a href=\"http:\/\/www.hotelcastillo.info\/imageneswp\/gallery_habitaciones07_1256x837.jpg\" style=\"display:none\" rel=\"prettyPhoto[gallery2]\"><\/a>\n<\/div>\n\n\n<\/li>\n\n\n\n\n\n<li class=\"portfolio_item isotope-item\" style=\"width: 396px; position: absolute; left: 0px; top: 0px; transform: translate(792px, 540px);\">\n\n\n<div class=\"portfolio_item_holder\" style=\"height:297px\">\n\n\n<figure class=\"thumbnail thumbnail__portfolio\"><a href=\"http:\/\/www.hotelcastillo.info\/imageneswp\/gallery_habitaciones09_1256x837.jpg\" class=\"image-wrap\" rel=\"prettyPhoto[gallery2]\"><img decoding=\"async\" src=\"\/\/www.hotelcastillo.info\/imageneswp\/gallery_habitaciones09_1256x837.jpg\" alt=\"Slideshow Format\"><span class=\"zoom-icon\"><\/span><\/a><\/figure>\n\n\n<a href=\"http:\/\/www.hotelcastillo.info\/imageneswp\/gallery_habitaciones01_1256x837.jpg\" style=\"display:none\" rel=\"prettyPhoto[gallery2]\"><\/a>\n<a href=\"http:\/\/www.hotelcastillo.info\/imageneswp\/gallery_habitaciones02_1256x837.jpg\" style=\"display:none\" rel=\"prettyPhoto[gallery2]\"><\/a>\n<a href=\"http:\/\/www.hotelcastillo.info\/imageneswp\/gallery_habitaciones03_1256x837.jpg\" style=\"display:none\" rel=\"prettyPhoto[gallery2]\"><\/a>\n<a href=\"http:\/\/www.hotelcastillo.info\/imageneswp\/gallery_habitaciones04_1256x837.jpg\" style=\"display:none\" rel=\"prettyPhoto[gallery2]\"><\/a>\n<a href=\"http:\/\/www.hotelcastillo.info\/imageneswp\/gallery_habitaciones05_1256x837.jpg\" style=\"display:none\" rel=\"prettyPhoto[gallery2]\"><\/a>\n<a href=\"http:\/\/www.hotelcastillo.info\/imageneswp\/gallery_habitaciones06_1256x837.jpg\" style=\"display:none\" rel=\"prettyPhoto[gallery2]\"><\/a>\n<a href=\"http:\/\/www.hotelcastillo.info\/imageneswp\/gallery_habitaciones07_1256x837.jpg\" style=\"display:none\" rel=\"prettyPhoto[gallery2]\"><\/a>\n<a href=\"http:\/\/www.hotelcastillo.info\/imageneswp\/gallery_habitaciones08_1256x837.jpg\" style=\"display:none\" rel=\"prettyPhoto[gallery2]\"><\/a>\n<\/div>\n\n\n<\/li>\n\n\n-->\n<\/ul>\n<div style=\"height:30px\"><\/div>\n<h2>Tous les comforts<\/h2>\n<div class=\"row \">\n<div class=\"span3 \"><div class=\"service-box \"><figure class=\"icon\"><img decoding=\"async\" src=\"https:\/\/www.hotelcastillo.info\/wp-content\/themes\/theme49401\/images\/icon4.png\" alt=\"\" \/><\/figure><div class=\"service-box_body\"><h2 class=\"title\">Parking<\/h2><div class=\"service-box_txt\">Grand parking priv\u00e9 ext\u00e9rieur de l'h\u00f4tel et le restaurant.<br \/>&nbsp;<\/div><\/div><\/div><!-- \/Service Box --><\/div>\n<div class=\"span3 \"><div class=\"service-box \"><figure class=\"icon\"><img decoding=\"async\" src=\"https:\/\/www.hotelcastillo.info\/wp-content\/themes\/theme49401\/images\/icon3.png\" alt=\"\" \/><\/figure><div class=\"service-box_body\"><h2 class=\"title\">Internet WIFI<\/h2><div class=\"service-box_txt\">Acc\u00e8s internet WIFI dans tout l'h\u00f4tel pour nos clients.<br \/>&nbsp;<\/div><\/div><\/div><!-- \/Service Box --><\/div>\n<div class=\"span3 \"><div class=\"service-box \"><figure class=\"icon\"><img decoding=\"async\" src=\"https:\/\/www.hotelcastillo.info\/wp-content\/themes\/theme49401\/images\/icon2.png\" alt=\"\" \/><\/figure><div class=\"service-box_body\"><h2 class=\"title\">Restaurant<\/h2><div class=\"service-box_txt\">Restaurant de qualit\u00e9 pour choisir la cuisine \u00e0 go\u00fbter sans quitter l'h\u00f4tel.<!--Restaurant et Grill de qualit\u00e9 pour choisir quelle cuisine go\u00fbter sans quitter l'h\u00f4tel.--><\/div><\/div><\/div><!-- \/Service Box --><\/div>\n<p>&nbsp;<\/p>\n<div class=\"span3 \"><div class=\"service-box \"><figure class=\"icon\"><img decoding=\"async\" src=\"https:\/\/www.hotelcastillo.info\/wp-content\/themes\/theme49401\/images\/icon1.png\" alt=\"\" \/><\/figure><div class=\"service-box_body\"><h2 class=\"title\">R\u00e9veil<\/h2><div class=\"service-box_txt\">Faites-nous savoir \u00e0 la r\u00e9ception \u00e0 quelle heure vous voulez vous r\u00e9veiller et on s'en occupera.<\/div><\/div><\/div><!-- \/Service Box --><\/div>\n<\/div><!-- .row (end) -->\n","protected":false},"excerpt":{"rendered":"L\u00b4H\u00f4tel Castillo propose une s\u00e9lection de chambres avec des \u00e9quipements modernes dans un environnement exclusif, qui sont con\u00e7ues pour le confort de nos clients et adapt\u00e9es pour les voyageurs d'affaires et pour ceux qui souhaitent d\u00e9couvrir la nature environnante. \u00c9quipement des chambres: salle de bains, TV \u00e9cran plat, WIFI, climatisation, chauffage, bureau, s\u00e8che-cheveux, t\u00e9l\u00e9phone et r\u00e9veil par t\u00e9l\u00e9phone. Tous les&nbsp;<a href=\"https:\/\/www.hotelcastillo.info\/fr\/hotel-a-olaberria-beasain\/\" class=\"read-more\">Lire la suite<\/a>","protected":false},"author":1,"featured_media":2152,"parent":0,"menu_order":2,"comment_status":"open","ping_status":"closed","template":"page-fullwidth.php","meta":{"footnotes":""},"class_list":["post-2003","page","type-page","status-publish","has-post-thumbnail","hentry"],"_links":{"self":[{"href":"https:\/\/www.hotelcastillo.info\/fr\/wp-json\/wp\/v2\/pages\/2003","targetHints":{"allow":["GET"]}}],"collection":[{"href":"https:\/\/www.hotelcastillo.info\/fr\/wp-json\/wp\/v2\/pages"}],"about":[{"href":"https:\/\/www.hotelcastillo.info\/fr\/wp-json\/wp\/v2\/types\/page"}],"author":[{"embeddable":true,"href":"https:\/\/www.hotelcastillo.info\/fr\/wp-json\/wp\/v2\/users\/1"}],"replies":[{"embeddable":true,"href":"https:\/\/www.hotelcastillo.info\/fr\/wp-json\/wp\/v2\/comments?post=2003"}],"version-history":[{"count":10,"href":"https:\/\/www.hotelcastillo.info\/fr\/wp-json\/wp\/v2\/pages\/2003\/revisions"}],"predecessor-version":[{"id":2571,"href":"https:\/\/www.hotelcastillo.info\/fr\/wp-json\/wp\/v2\/pages\/2003\/revisions\/2571"}],"wp:featuredmedia":[{"embeddable":true,"href":"https:\/\/www.hotelcastillo.info\/fr\/wp-json\/wp\/v2\/media\/2152"}],"wp:attachment":[{"href":"https:\/\/www.hotelcastillo.info\/fr\/wp-json\/wp\/v2\/media?parent=2003"}],"curies":[{"name":"wp","href":"https:\/\/api.w.org\/{rel}","templated":true}]}}